{"id":32274,"date":"2021-05-20T22:19:34","date_gmt":"2021-05-20T20:19:34","guid":{"rendered":"https:\/\/pdi.com.gt\/?page_id=32274"},"modified":"2021-05-22T01:14:28","modified_gmt":"2021-05-21T23:14:28","slug":"beneficios","status":"publish","type":"page","link":"https:\/\/pdi.com.gt\/?page_id=32274","title":{"rendered":"beneficios"},"content":{"rendered":"<p>[vc_row full_width=&#8221;stretch_row&#8221; content_placement=&#8221;top&#8221; css=&#8221;.vc_custom_1621637811792{padding-top: 75px !important;padding-bottom: 75px !important;}&#8221;][vc_column alignment=&#8221;right&#8221;][vc_custom_heading text=&#8221;Beneficios&#8221; font_container=&#8221;tag:h2|font_size:46|text_align:left|color:%23333333|line_height:1.3&#8243; use_theme_fonts=&#8221;yes&#8221; css=&#8221;.vc_custom_1621638227661{margin-top: 0px !important;margin-bottom: 0px !important;padding-top: 0px !important;}&#8221;][vc_empty_space]<div id=\"mpc_textblock-4369f3e3d56898f\" class=\"mpc-textblock mpc-init \"><p><strong>Nuestro r\u00e9gimen permite a las empresas que ah\u00ed se instalen cuenten con beneficios fiscales, como:<\/strong><\/p>\n<ol>\n<li>La exoneraci\u00f3n del pago del impuesto sobre la renta \u2013ISR- por un per\u00edodo de 10 a\u00f1os, beneficio que tambi\u00e9n aplica a los dividendos y utilidades que se distribuyan a los accionistas.<\/li>\n<li>La exenci\u00f3n del impuesto al valor agregado \u2013IVA- por los hechos y actos realizados dentro la Zona.<\/li>\n<li>La suspensi\u00f3n temporal de grav\u00e1menes como aranceles y el impuesto al valor agregado \u2013IVA- de importaci\u00f3n de mercanc\u00edas, materias primas, insumos, materiales, productos intermedios, maquinaria, equipo, repuestos y accesorios que ingresen a la Zona. hasta que se internen o importen en definitiva al pa\u00eds.<\/li>\n<li>La exoneraci\u00f3n de los timbres fiscales sobre los documentos que contienen actos o contratos sobre bienes y negocios dentro la Zona.<\/li>\n<\/ol>\n<p>Adicional a los beneficios fiscales, tambi\u00e9n contamos con beneficios log\u00edsticos, como: amplios patios de maniobras, amplio parqueo, delegaci\u00f3n exclusiva de Aduanas (SAT), seguridad f\u00edsica, circuito de CCTV, cercan\u00eda con la frontera con M\u00e9xico y todos los servicios b\u00e1sicos.<\/p>\n<p>&nbsp;<\/p>\n<p><strong>Guatemala, cuenta con los siguientes Beneficios Generales<\/strong><\/p>\n<ol>\n<li>Ubicaci\u00f3n estrat\u00e9gica para la fabricaci\u00f3n, distribuci\u00f3n, importaci\u00f3n y exportaci\u00f3n de productos con Guatemala, Centroam\u00e9rica, M\u00e9xico, Estados Unidos, Asia y Europa.<\/li>\n<li>La infraestructura ofrece todos los servicios necesarios para una operaci\u00f3n eficiente y segura para sus usuarios.<\/li>\n<li>Dise\u00f1o funcional de acuerdo con las necesidades de la industria de producci\u00f3n, distribuci\u00f3n y\/o almacenaje.<\/li>\n<li>Corredor inter-oce\u00e1nico; Puerto Quetzal, Santo Tom\u00e1s de Castilla y Puerto Barrios.<\/li>\n<li>Corredor M\u00e9xico-Centroam\u00e9rica, lo que facilita la conexi\u00f3n hacia puertos de la costa este de Estados Unidos y M\u00e9xico, Europa, el Caribe y Centroam\u00e9rica.<\/li>\n<li>Conectividad: 2 aeropuertos internacionales, 9 aer\u00f3dromos locales, 22 l\u00edneas a\u00e9reas comerciales y 11 l\u00edneas a\u00e9reas de carga operando.<\/li>\n<li>Amplia y extensa red telef\u00f3nica nacional, opciones en anchos de banda de Internet.<\/li>\n<li>Conexi\u00f3n red el\u00e9ctrica nacional y regional, opci\u00f3n uso de energ\u00edas limpias y renovables.<\/li>\n<li>Complementariedad log\u00edstica en las operaciones.<\/li>\n<li>Abundante mano de obra y la posibilidad de formaci\u00f3n y capacitaci\u00f3n.<\/li>\n<li>Conectividad vial definida.<\/li>\n<li>Asesor\u00eda y acompa\u00f1amiento en el proceso.<\/li>\n<li>Tratados de Libre Comercio y Acuerdos Comerciales.<\/li>\n<\/ol>\n<\/div>[vc_empty_space height=&#8221;40px&#8221;][\/vc_column][\/vc_row]<\/p>\n","protected":false},"excerpt":{"rendered":"<p>[vc_row full_width=&#8221;stretch_row&#8221; content_placement=&#8221;top&#8221; css=&#8221;.vc_custom_1621637811792{padding-top: 75px !important;padding-bottom: 75px !important;}&#8221;][vc_column alignment=&#8221;right&#8221;][vc_custom_heading text=&#8221;Beneficios&#8221; font_container=&#8221;tag:h2|font_size:46|text_align:left|color:%23333333|line_height:1.3&#8243; use_theme_fonts=&#8221;yes&#8221; css=&#8221;.vc_custom_1621638227661{margin-top: 0px !important;margin-bottom: 0px !important;padding-top: 0px !important;}&#8221;][vc_empty_space][vc_empty_space height=&#8221;40px&#8221;][\/vc_column][\/vc_row]<\/p>\n","protected":false},"author":1,"featured_media":0,"parent":0,"menu_order":0,"comment_status":"closed","ping_status":"closed","template":"","meta":{"footnotes":""},"class_list":["post-32274","page","type-page","status-publish","hentry"],"_links":{"self":[{"href":"https:\/\/pdi.com.gt\/index.php?rest_route=\/wp\/v2\/pages\/32274","targetHints":{"allow":["GET"]}}],"collection":[{"href":"https:\/\/pdi.com.gt\/index.php?rest_route=\/wp\/v2\/pages"}],"about":[{"href":"https:\/\/pdi.com.gt\/index.php?rest_route=\/wp\/v2\/types\/page"}],"author":[{"embeddable":true,"href":"https:\/\/pdi.com.gt\/index.php?rest_route=\/wp\/v2\/users\/1"}],"replies":[{"embeddable":true,"href":"https:\/\/pdi.com.gt\/index.php?rest_route=%2Fwp%2Fv2%2Fcomments&post=32274"}],"version-history":[{"count":15,"href":"https:\/\/pdi.com.gt\/index.php?rest_route=\/wp\/v2\/pages\/32274\/revisions"}],"predecessor-version":[{"id":32330,"href":"https:\/\/pdi.com.gt\/index.php?rest_route=\/wp\/v2\/pages\/32274\/revisions\/32330"}],"wp:attachment":[{"href":"https:\/\/pdi.com.gt\/index.php?rest_route=%2Fwp%2Fv2%2Fmedia&parent=32274"}],"curies":[{"name":"wp","href":"https:\/\/api.w.org\/{rel}","templated":true}]}}